{"id":548,"date":"2025-05-31T06:39:11","date_gmt":"2025-05-31T06:39:11","guid":{"rendered":"https:\/\/abbidecglobal.com\/?page_id=548"},"modified":"2025-06-27T07:20:31","modified_gmt":"2025-06-27T07:20:31","slug":"port-operation","status":"publish","type":"page","link":"https:\/\/abbidecglobal.com\/es\/port-operation\/","title":{"rendered":"Operaciones portuarias"},"content":{"rendered":"<div data-elementor-type=\"wp-page\" data-elementor-id=\"548\" class=\"elementor elementor-548\" data-elementor-post-type=\"page\">\n\t\t\t\t<div class=\"elementor-element elementor-element-978eefe e-flex e-con-boxed e-con e-parent\" data-id=\"978eefe\" data-element_type=\"container\" data-settings=\"{&quot;background_background&quot;:&quot;classic&quot;}\">\n\t\t\t\t\t<div class=\"e-con-inner\">\n\t\t<div class=\"elementor-element elementor-element-7e32368 e-con-full e-flex e-con e-child\" data-id=\"7e32368\" data-element_type=\"container\">\n\t\t\t\t<div class=\"elementor-element elementor-element-86fab0d elementor-widget elementor-widget-heading\" data-id=\"86fab0d\" data-element_type=\"widget\" data-widget_type=\"heading.default\">\n\t\t\t\t<div class=\"elementor-widget-container\">\n\t\t\t\t\t<h2 class=\"elementor-heading-title elementor-size-default translation-block\">Operaciones portuarias<\/h2>\t\t\t\t<\/div>\n\t\t\t\t<\/div>\n\t\t\t\t<\/div>\n\t\t\t\t\t<\/div>\n\t\t\t\t<\/div>\n\t\t<div class=\"elementor-element elementor-element-18c6ec45 e-flex e-con-boxed e-con e-parent\" data-id=\"18c6ec45\" data-element_type=\"container\" data-settings=\"{&quot;background_background&quot;:&quot;classic&quot;}\">\n\t\t\t\t\t<div class=\"e-con-inner\">\n\t\t<div class=\"elementor-element elementor-element-41039899 e-con-full e-flex e-con e-child\" data-id=\"41039899\" data-element_type=\"container\">\n\t\t\t\t<div class=\"elementor-element elementor-element-5678e52e elementor-headline--style-highlight elementor-widget elementor-widget-animated-headline\" data-id=\"5678e52e\" data-element_type=\"widget\" data-settings=\"{&quot;highlighted_text&quot;:&quot;Shipboard Compliance&quot;,&quot;headline_style&quot;:&quot;highlight&quot;,&quot;marker&quot;:&quot;circle&quot;,&quot;loop&quot;:&quot;yes&quot;,&quot;highlight_animation_duration&quot;:1200,&quot;highlight_iteration_delay&quot;:8000}\" data-widget_type=\"animated-headline.default\">\n\t\t\t\t<div class=\"elementor-widget-container\">\n\t\t\t\t\t\t\t<h3 class=\"elementor-headline\">\n\t\t\t\t\t<span class=\"elementor-headline-plain-text elementor-headline-text-wrapper\">Environmental Policy & <\/span>\n\t\t\t\t<span class=\"elementor-headline-dynamic-wrapper elementor-headline-text-wrapper\">\n\t\t\t\t\t<span class=\"elementor-headline-dynamic-text elementor-headline-text-active\">Cumplimiento a bordo<\/span>\n\t\t\t\t<\/span>\n\t\t\t\t<\/h3>\n\t\t\t\t\t\t<\/div>\n\t\t\t\t<\/div>\n\t\t\t\t<div class=\"elementor-element elementor-element-6d98d7d8 elementor-widget elementor-widget-text-editor\" data-id=\"6d98d7d8\" data-element_type=\"widget\" data-widget_type=\"text-editor.default\">\n\t\t\t\t<div class=\"elementor-widget-container\">\n\t\t\t\t\t\t\t\t\t<p><span style=\"font-weight: 400;\">En Abbidecglobal estamos comprometidos con el cumplimiento de las normas medioambientales y de seguridad internacionales en todas las operaciones mar\u00edtimas. Nuestra Pol\u00edtica de Operaciones Portuarias est\u00e1 dise\u00f1ada para garantizar pr\u00e1cticas seguras, prevenir la contaminaci\u00f3n y mejorar continuamente nuestros sistemas de gesti\u00f3n medioambiental a bordo.<\/span><\/p>\t\t\t\t\t\t\t\t<\/div>\n\t\t\t\t<\/div>\n\t\t\t\t<div class=\"elementor-element elementor-element-e6bfbb2 elementor-widget elementor-widget-text-editor\" data-id=\"e6bfbb2\" data-element_type=\"widget\" data-widget_type=\"text-editor.default\">\n\t\t\t\t<div class=\"elementor-widget-container\">\n\t\t\t\t\t\t\t\t\t<h6><strong>Compromiso con la seguridad y el cumplimiento<\/strong><\/h6><p><span style=\"font-weight: 400;\">Cumplimos estrictamente los reglamentos y normas internacionales, entre ellos:<\/span><\/p><ul><li style=\"font-weight: 400;\" aria-level=\"1\"><span style=\"font-weight: 400;\">Requisitos de la OMI, la bandera y la clase<\/span><span style=\"font-weight: 400;\"><br \/><\/span><\/li><li style=\"font-weight: 400;\" aria-level=\"1\"><span style=\"font-weight: 400;\">SOLAS - Seguridad de la vida en el mar<\/span><span style=\"font-weight: 400;\"><br \/><\/span><\/li><li style=\"font-weight: 400;\" aria-level=\"1\"><span style=\"font-weight: 400;\">C\u00f3digo ISM - C\u00f3digo Internacional de Gesti\u00f3n de la Seguridad<\/span><span style=\"font-weight: 400;\"><br \/><\/span><\/li><li style=\"font-weight: 400;\" aria-level=\"1\"><span style=\"font-weight: 400;\">MARPOL - Prevenci\u00f3n de la contaminaci\u00f3n por los buques<\/span><span style=\"font-weight: 400;\"><br \/><\/span><\/li><li style=\"font-weight: 400;\" aria-level=\"1\"><span style=\"font-weight: 400;\">C\u00f3digo IMDG - C\u00f3digo de mercanc\u00edas peligrosas<\/span><span style=\"font-weight: 400;\"><br \/><\/span><\/li><li style=\"font-weight: 400;\" aria-level=\"1\"><span style=\"font-weight: 400;\">CARB - Planchado en fr\u00edo<\/span><span style=\"font-weight: 400;\"><br \/><\/span><\/li><\/ul><h6>\u00a0<\/h6><h6><strong>Our objective is to:<\/strong><\/h6><ul><li style=\"font-weight: 400;\" aria-level=\"1\"><span style=\"font-weight: 400;\">Garantizar la seguridad de las operaciones del buque<\/span><span style=\"font-weight: 400;\"><br \/><\/span><\/li><li style=\"font-weight: 400;\" aria-level=\"1\"><span style=\"font-weight: 400;\">Identificar y gestionar los riesgos medioambientales<\/span><span style=\"font-weight: 400;\"><br \/><\/span><\/li><li style=\"font-weight: 400;\" aria-level=\"1\"><span style=\"font-weight: 400;\">Establecer objetivos medioambientales mensurables<\/span><span style=\"font-weight: 400;\"><br \/><\/span><\/li><li style=\"font-weight: 400;\" aria-level=\"1\"><span style=\"font-weight: 400;\">Formar y preparar a todo el personal, tanto en tierra como a bordo<\/span><span style=\"font-weight: 400;\"><br \/><\/span><\/li><li style=\"font-weight: 400;\" aria-level=\"1\"><span style=\"font-weight: 400;\">Promover el desarrollo profesional continuo<\/span><\/li><\/ul>\t\t\t\t\t\t\t\t<\/div>\n\t\t\t\t<\/div>\n\t\t\t\t<\/div>\n\t\t<div class=\"elementor-element elementor-element-6b5f5633 e-con-full e-flex e-con e-child\" data-id=\"6b5f5633\" data-element_type=\"container\" data-settings=\"{&quot;background_background&quot;:&quot;classic&quot;}\">\n\t\t\t\t<div class=\"elementor-element elementor-element-acb7d0c elementor-widget elementor-widget-n-accordion\" data-id=\"acb7d0c\" data-element_type=\"widget\" data-settings=\"{&quot;default_state&quot;:&quot;expanded&quot;,&quot;max_items_expended&quot;:&quot;one&quot;,&quot;n_accordion_animation_duration&quot;:{&quot;unit&quot;:&quot;ms&quot;,&quot;size&quot;:400,&quot;sizes&quot;:[]}}\" data-widget_type=\"nested-accordion.default\">\n\t\t\t\t<div class=\"elementor-widget-container\">\n\t\t\t\t\t\t\t<div class=\"e-n-accordion\" aria-label=\"Accordion. Open links with Enter or Space, close with Escape, and navigate with Arrow Keys\">\n\t\t\t\t\t\t<details id=\"e-n-accordion-item-1810\" class=\"e-n-accordion-item\" open>\n\t\t\t\t<summary class=\"e-n-accordion-item-title\" data-accordion-index=\"1\" tabindex=\"0\" aria-expanded=\"true\" aria-controls=\"e-n-accordion-item-1810\" >\n\t\t\t\t\t<span class='e-n-accordion-item-title-header'><div class=\"e-n-accordion-item-title-text\"> Sistema de Gesti\u00f3n Medioambiental (SGMA) <\/div><\/span>\n\t\t\t\t\t\t\t<span class='e-n-accordion-item-title-icon'>\n\t\t\t<span class='e-opened' ><i aria-hidden=\"true\" class=\"icon icon-up-arrow1\"><\/i><\/span>\n\t\t\t<span class='e-closed'><i aria-hidden=\"true\" class=\"icon icon-down-arrow1\"><\/i><\/span>\n\t\t<\/span>\n\n\t\t\t\t\t\t<\/summary>\n\t\t\t\t<div role=\"region\" aria-labelledby=\"e-n-accordion-item-1810\" class=\"elementor-element elementor-element-7b2492ac e-con-full e-flex e-con e-child\" data-id=\"7b2492ac\" data-element_type=\"container\">\n\t\t<div role=\"region\" aria-labelledby=\"e-n-accordion-item-1810\" class=\"elementor-element elementor-element-11665ab0 e-flex e-con-boxed e-con e-child\" data-id=\"11665ab0\" data-element_type=\"container\">\n\t\t\t\t\t<div class=\"e-con-inner\">\n\t\t\t\t<div class=\"elementor-element elementor-element-10449b0c elementor-widget elementor-widget-text-editor\" data-id=\"10449b0c\" data-element_type=\"widget\" data-widget_type=\"text-editor.default\">\n\t\t\t\t<div class=\"elementor-widget-container\">\n\t\t\t\t\t\t\t\t\t<p><span style=\"font-weight: 400;\">Desde enero de 2009 aplicamos voluntariamente la norma ISO 14001:2004, que nos permite desarrollar y mantener un Sistema de Gesti\u00f3n Medioambiental eficaz, garantizando el cumplimiento de la legislaci\u00f3n y el control de los aspectos medioambientales significativos.<\/span><\/p><p><span style=\"font-weight: 400;\">Nuestro EMS incluye:<\/span><\/p><ul><li style=\"font-weight: 400;\" aria-level=\"1\"><span style=\"font-weight: 400;\">Gesti\u00f3n de residuos (s\u00f3lidos, l\u00edquidos)<\/span><span style=\"font-weight: 400;\"><br \/><\/span><\/li><li style=\"font-weight: 400;\" aria-level=\"1\"><span style=\"font-weight: 400;\">Gesti\u00f3n de lodos de aceite<\/span><span style=\"font-weight: 400;\"><br \/><\/span><\/li><li style=\"font-weight: 400;\" aria-level=\"1\"><span style=\"font-weight: 400;\">Gases refrigerantes (aire acondicionado, refrigeradores)<\/span><span style=\"font-weight: 400;\"><br \/><\/span><\/li><li style=\"font-weight: 400;\" aria-level=\"1\"><span style=\"font-weight: 400;\">Utilizaci\u00f3n de la electricidad<\/span><span style=\"font-weight: 400;\"><br \/><\/span><\/li><li style=\"font-weight: 400;\" aria-level=\"1\"><span style=\"font-weight: 400;\">Materiales de limpieza ecol\u00f3gicos<\/span><span style=\"font-weight: 400;\"><br \/><\/span><\/li><li style=\"font-weight: 400;\" aria-level=\"1\"><span style=\"font-weight: 400;\">Prevenci\u00f3n de la contaminaci\u00f3n marina<\/span><span style=\"font-weight: 400;\"><br \/><\/span><\/li><\/ul><p><span style=\"font-weight: 400;\">Nuestra certificaci\u00f3n la expide ClassNK (Nippon Kaiji Kyokai), un organismo de auditor\u00eda independiente de renombre mundial.<\/span><\/p>\t\t\t\t\t\t\t\t<\/div>\n\t\t\t\t<\/div>\n\t\t\t\t\t<\/div>\n\t\t\t\t<\/div>\n\t\t\t\t<\/div>\n\t\t\t\t\t<\/details>\n\t\t\t\t\t\t<details id=\"e-n-accordion-item-1811\" class=\"e-n-accordion-item\" >\n\t\t\t\t<summary class=\"e-n-accordion-item-title\" data-accordion-index=\"2\" tabindex=\"-1\" aria-expanded=\"false\" aria-controls=\"e-n-accordion-item-1811\" >\n\t\t\t\t\t<span class='e-n-accordion-item-title-header'><div class=\"e-n-accordion-item-title-text\">  Aplicaci\u00f3n del C\u00f3digo ISM <\/div><\/span>\n\t\t\t\t\t\t\t<span class='e-n-accordion-item-title-icon'>\n\t\t\t<span class='e-opened' ><i aria-hidden=\"true\" class=\"icon icon-up-arrow1\"><\/i><\/span>\n\t\t\t<span class='e-closed'><i aria-hidden=\"true\" class=\"icon icon-down-arrow1\"><\/i><\/span>\n\t\t<\/span>\n\n\t\t\t\t\t\t<\/summary>\n\t\t\t\t<div role=\"region\" aria-labelledby=\"e-n-accordion-item-1811\" class=\"elementor-element elementor-element-3b3a9bce e-con-full e-flex e-con e-child\" data-id=\"3b3a9bce\" data-element_type=\"container\">\n\t\t<div role=\"region\" aria-labelledby=\"e-n-accordion-item-1811\" class=\"elementor-element elementor-element-c778ae7 e-flex e-con-boxed e-con e-child\" data-id=\"c778ae7\" data-element_type=\"container\">\n\t\t\t\t\t<div class=\"e-con-inner\">\n\t\t\t\t<div class=\"elementor-element elementor-element-2c8d908b elementor-widget elementor-widget-text-editor\" data-id=\"2c8d908b\" data-element_type=\"widget\" data-widget_type=\"text-editor.default\">\n\t\t\t\t<div class=\"elementor-widget-container\">\n\t\t\t\t\t\t\t\t\t<p><span style=\"font-weight: 400;\">Abbidecglobal has followed the ISM Code since 1997.<\/span><span style=\"font-weight: 400;\"><br \/><\/span><span style=\"font-weight: 400;\"> Entre las pr\u00e1cticas clave figuran:<\/span><\/p><ul><li style=\"font-weight: 400;\" aria-level=\"1\"><span style=\"font-weight: 400;\">Un departamento especializado en SMS gestiona el cumplimiento de las normas por parte de los buques<\/span><span style=\"font-weight: 400;\"><br \/><\/span><\/li><li style=\"font-weight: 400;\" aria-level=\"1\"><span style=\"font-weight: 400;\">Auditor\u00edas peri\u00f3dicas (internas y externas) en todos los buques<\/span><span style=\"font-weight: 400;\"><br \/><\/span><\/li><li style=\"font-weight: 400;\" aria-level=\"1\"><span style=\"font-weight: 400;\">Auditor\u00edas externas NK Class, que garantizan los m\u00e1s altos est\u00e1ndares del sector<\/span><\/li><\/ul>\t\t\t\t\t\t\t\t<\/div>\n\t\t\t\t<\/div>\n\t\t\t\t\t<\/div>\n\t\t\t\t<\/div>\n\t\t\t\t<\/div>\n\t\t\t\t\t<\/details>\n\t\t\t\t\t\t<details id=\"e-n-accordion-item-1812\" class=\"e-n-accordion-item\" >\n\t\t\t\t<summary class=\"e-n-accordion-item-title\" data-accordion-index=\"3\" tabindex=\"-1\" aria-expanded=\"false\" aria-controls=\"e-n-accordion-item-1812\" >\n\t\t\t\t\t<span class='e-n-accordion-item-title-header'><div class=\"e-n-accordion-item-title-text\"> Pr\u00e1cticas medioambientales a bordo <\/div><\/span>\n\t\t\t\t\t\t\t<span class='e-n-accordion-item-title-icon'>\n\t\t\t<span class='e-opened' ><i aria-hidden=\"true\" class=\"icon icon-up-arrow1\"><\/i><\/span>\n\t\t\t<span class='e-closed'><i aria-hidden=\"true\" class=\"icon icon-down-arrow1\"><\/i><\/span>\n\t\t<\/span>\n\n\t\t\t\t\t\t<\/summary>\n\t\t\t\t<div role=\"region\" aria-labelledby=\"e-n-accordion-item-1812\" class=\"elementor-element elementor-element-42881c64 e-con-full e-flex e-con e-child\" data-id=\"42881c64\" data-element_type=\"container\">\n\t\t<div role=\"region\" aria-labelledby=\"e-n-accordion-item-1812\" class=\"elementor-element elementor-element-4195a84d e-flex e-con-boxed e-con e-child\" data-id=\"4195a84d\" data-element_type=\"container\">\n\t\t\t\t\t<div class=\"e-con-inner\">\n\t\t\t\t<div class=\"elementor-element elementor-element-7342154 elementor-widget elementor-widget-text-editor\" data-id=\"7342154\" data-element_type=\"widget\" data-widget_type=\"text-editor.default\">\n\t\t\t\t<div class=\"elementor-widget-container\">\n\t\t\t\t\t\t\t\t\t<p><span style=\"font-weight: 400;\">Tomamos medidas estrictas para gestionar:<\/span><\/p><ul><li style=\"font-weight: 400;\" aria-level=\"1\"><span style=\"font-weight: 400;\">Gesti\u00f3n del lastre: Conforme a las directrices MARPOL<\/span><span style=\"font-weight: 400;\"><br \/><\/span><\/li><li style=\"font-weight: 400;\" aria-level=\"1\"><span style=\"font-weight: 400;\">Aguas residuales y grises: Tratadas en los sistemas de a bordo, con zonas espec\u00edficas para la recogida<\/span><span style=\"font-weight: 400;\"><br \/><\/span><\/li><li style=\"font-weight: 400;\" aria-level=\"1\"><span style=\"font-weight: 400;\">Sentinas y lodos: Separados, almacenados y vertidos en instalaciones autorizadas.<\/span><span style=\"font-weight: 400;\"><br \/><\/span><\/li><\/ul><p><span style=\"font-weight: 400;\">Basura: Clasificada en pl\u00e1sticos, papel, restos de comida, etc. Incineraci\u00f3n a bordo cuando est\u00e1 permitido.<\/span><\/p>\t\t\t\t\t\t\t\t<\/div>\n\t\t\t\t<\/div>\n\t\t\t\t\t<\/div>\n\t\t\t\t<\/div>\n\t\t\t\t<\/div>\n\t\t\t\t\t<\/details>\n\t\t\t\t\t\t<details id=\"e-n-accordion-item-1813\" class=\"e-n-accordion-item\" >\n\t\t\t\t<summary class=\"e-n-accordion-item-title\" data-accordion-index=\"4\" tabindex=\"-1\" aria-expanded=\"false\" aria-controls=\"e-n-accordion-item-1813\" >\n\t\t\t\t\t<span class='e-n-accordion-item-title-header'><div class=\"e-n-accordion-item-title-text\"> Reducci\u00f3n de emisiones y optimizaci\u00f3n del combustible <\/div><\/span>\n\t\t\t\t\t\t\t<span class='e-n-accordion-item-title-icon'>\n\t\t\t<span class='e-opened' ><i aria-hidden=\"true\" class=\"icon icon-up-arrow1\"><\/i><\/span>\n\t\t\t<span class='e-closed'><i aria-hidden=\"true\" class=\"icon icon-down-arrow1\"><\/i><\/span>\n\t\t<\/span>\n\n\t\t\t\t\t\t<\/summary>\n\t\t\t\t<div role=\"region\" aria-labelledby=\"e-n-accordion-item-1813\" class=\"elementor-element elementor-element-34d101bd e-con-full e-flex e-con e-child\" data-id=\"34d101bd\" data-element_type=\"container\">\n\t\t<div role=\"region\" aria-labelledby=\"e-n-accordion-item-1813\" class=\"elementor-element elementor-element-4bc97664 e-flex e-con-boxed e-con e-child\" data-id=\"4bc97664\" data-element_type=\"container\">\n\t\t\t\t\t<div class=\"e-con-inner\">\n\t\t\t\t<div class=\"elementor-element elementor-element-501e0f29 elementor-widget elementor-widget-text-editor\" data-id=\"501e0f29\" data-element_type=\"widget\" data-widget_type=\"text-editor.default\">\n\t\t\t\t<div class=\"elementor-widget-container\">\n\t\t\t\t\t\t\t\t\t<ul><li style=\"font-weight: 400;\" aria-level=\"1\"><span style=\"font-weight: 400;\">Controles de emisiones a la atm\u00f3sfera:<\/span><span style=\"font-weight: 400;\"><br \/><\/span><ul><li style=\"font-weight: 400;\" aria-level=\"2\"><span style=\"font-weight: 400;\">NOx \u2013 EIAPP Certified (2002, 17.9 g\/kWh)<\/span><span style=\"font-weight: 400;\"><br \/><\/span><\/li><li style=\"font-weight: 400;\" aria-level=\"2\"><span style=\"font-weight: 400;\">SOx \u2013 SECA (Baltic, EU, California) compliant<\/span><span style=\"font-weight: 400;\"><br \/><\/span><\/li><\/ul><\/li><li style=\"font-weight: 400;\" aria-level=\"1\"><span style=\"font-weight: 400;\">Cambio de combustible (HFO \u2192 MDO)<\/span><span style=\"font-weight: 400;\"><br \/><\/span><\/li><li style=\"font-weight: 400;\" aria-level=\"1\"><span style=\"font-weight: 400;\">Planchado en fr\u00edo: Infraestructura para reducir las emisiones durante el atraque<\/span><span style=\"font-weight: 400;\"><br \/><\/span><\/li><\/ul><p><span style=\"font-weight: 400;\">Abbidecglobal contin\u00faa liderando con responsabilidad, transparencia y un enfoque proactivo hacia la protecci\u00f3n medioambiental en todas las operaciones portuarias y de buques.<\/span><\/p>\t\t\t\t\t\t\t\t<\/div>\n\t\t\t\t<\/div>\n\t\t\t\t\t<\/div>\n\t\t\t\t<\/div>\n\t\t\t\t<\/div>\n\t\t\t\t\t<\/details>\n\t\t\t\t\t<\/div>\n\t\t\t\t\t\t<\/div>\n\t\t\t\t<\/div>\n\t\t\t\t<\/div>\n\t\t\t\t\t<\/div>\n\t\t\t\t<\/div>\n\t\t\t\t<\/div>","protected":false},"excerpt":{"rendered":"<p>Port Operation Environmental Policy &#038; Shipboard Compliance At Abbidecglobal, we are committed to upholding international environmental and safety standards across all maritime operations. Our Port Operation Policy is designed to ensure safe practices, prevent pollution, and continuously improve our environmental management systems onboard. Commitment to Safety &amp; Compliance We strictly comply with international regulations and [&hellip;]<\/p>","protected":false},"author":2,"featured_media":0,"parent":0,"menu_order":0,"comment_status":"closed","ping_status":"closed","template":"elementor_header_footer","meta":{"footnotes":""},"class_list":["post-548","page","type-page","status-publish","hentry"],"yoast_head":"<!-- This site is optimized with the Yoast SEO plugin v25.0 - https:\/\/yoast.com\/wordpress\/plugins\/seo\/ -->\n<title>Port operation - Abbidec Global<\/title>\n<meta name=\"robots\" content=\"index, follow, max-snippet:-1, max-image-preview:large, max-video-preview:-1\" \/>\n<link rel=\"canonical\" href=\"https:\/\/abbidecglobal.com\/es\/port-operation\/\" \/>\n<meta property=\"og:locale\" content=\"es_ES\" \/>\n<meta property=\"og:type\" content=\"article\" \/>\n<meta property=\"og:title\" content=\"Port operation - Abbidec Global\" \/>\n<meta property=\"og:description\" content=\"Port Operation Environmental Policy &#038; Shipboard Compliance At Abbidecglobal, we are committed to upholding international environmental and safety standards across all maritime operations. Our Port Operation Policy is designed to ensure safe practices, prevent pollution, and continuously improve our environmental management systems onboard. Commitment to Safety &amp; Compliance We strictly comply with international regulations and [&hellip;]\" \/>\n<meta property=\"og:url\" content=\"https:\/\/abbidecglobal.com\/es\/port-operation\/\" \/>\n<meta property=\"og:site_name\" content=\"Abbidec Global\" \/>\n<meta property=\"article:modified_time\" content=\"2025-06-27T07:20:31+00:00\" \/>\n<meta name=\"twitter:card\" content=\"summary_large_image\" \/>\n<meta name=\"twitter:label1\" content=\"Tiempo de lectura\" \/>\n\t<meta name=\"twitter:data1\" content=\"3 minutos\" \/>\n<script type=\"application\/ld+json\" class=\"yoast-schema-graph\">{\"@context\":\"https:\/\/schema.org\",\"@graph\":[{\"@type\":\"WebPage\",\"@id\":\"https:\/\/abbidecglobal.com\/port-operation\/\",\"url\":\"https:\/\/abbidecglobal.com\/port-operation\/\",\"name\":\"Port operation - Abbidec Global\",\"isPartOf\":{\"@id\":\"https:\/\/abbidecglobal.com\/#website\"},\"datePublished\":\"2025-05-31T06:39:11+00:00\",\"dateModified\":\"2025-06-27T07:20:31+00:00\",\"breadcrumb\":{\"@id\":\"https:\/\/abbidecglobal.com\/port-operation\/#breadcrumb\"},\"inLanguage\":\"es\",\"potentialAction\":[{\"@type\":\"ReadAction\",\"target\":[\"https:\/\/abbidecglobal.com\/port-operation\/\"]}]},{\"@type\":\"BreadcrumbList\",\"@id\":\"https:\/\/abbidecglobal.com\/port-operation\/#breadcrumb\",\"itemListElement\":[{\"@type\":\"ListItem\",\"position\":1,\"name\":\"Home\",\"item\":\"https:\/\/abbidecglobal.com\/\"},{\"@type\":\"ListItem\",\"position\":2,\"name\":\"Port operation\"}]},{\"@type\":\"WebSite\",\"@id\":\"https:\/\/abbidecglobal.com\/#website\",\"url\":\"https:\/\/abbidecglobal.com\/\",\"name\":\"Abbidec Global\",\"description\":\"\",\"potentialAction\":[{\"@type\":\"SearchAction\",\"target\":{\"@type\":\"EntryPoint\",\"urlTemplate\":\"https:\/\/abbidecglobal.com\/?s={search_term_string}\"},\"query-input\":{\"@type\":\"PropertyValueSpecification\",\"valueRequired\":true,\"valueName\":\"search_term_string\"}}],\"inLanguage\":\"es\"}]}<\/script>\n<!-- \/ Yoast SEO plugin. -->","yoast_head_json":{"title":"Port operation - Abbidec Global","robots":{"index":"index","follow":"follow","max-snippet":"max-snippet:-1","max-image-preview":"max-image-preview:large","max-video-preview":"max-video-preview:-1"},"canonical":"https:\/\/abbidecglobal.com\/es\/port-operation\/","og_locale":"es_ES","og_type":"article","og_title":"Port operation - Abbidec Global","og_description":"Port Operation Environmental Policy &#038; Shipboard Compliance At Abbidecglobal, we are committed to upholding international environmental and safety standards across all maritime operations. Our Port Operation Policy is designed to ensure safe practices, prevent pollution, and continuously improve our environmental management systems onboard. Commitment to Safety &amp; Compliance We strictly comply with international regulations and [&hellip;]","og_url":"https:\/\/abbidecglobal.com\/es\/port-operation\/","og_site_name":"Abbidec Global","article_modified_time":"2025-06-27T07:20:31+00:00","twitter_card":"summary_large_image","twitter_misc":{"Tiempo de lectura":"3 minutos"},"schema":{"@context":"https:\/\/schema.org","@graph":[{"@type":"WebPage","@id":"https:\/\/abbidecglobal.com\/port-operation\/","url":"https:\/\/abbidecglobal.com\/port-operation\/","name":"Port operation - Abbidec Global","isPartOf":{"@id":"https:\/\/abbidecglobal.com\/#website"},"datePublished":"2025-05-31T06:39:11+00:00","dateModified":"2025-06-27T07:20:31+00:00","breadcrumb":{"@id":"https:\/\/abbidecglobal.com\/port-operation\/#breadcrumb"},"inLanguage":"es","potentialAction":[{"@type":"ReadAction","target":["https:\/\/abbidecglobal.com\/port-operation\/"]}]},{"@type":"BreadcrumbList","@id":"https:\/\/abbidecglobal.com\/port-operation\/#breadcrumb","itemListElement":[{"@type":"ListItem","position":1,"name":"Home","item":"https:\/\/abbidecglobal.com\/"},{"@type":"ListItem","position":2,"name":"Port operation"}]},{"@type":"WebSite","@id":"https:\/\/abbidecglobal.com\/#website","url":"https:\/\/abbidecglobal.com\/","name":"Abbidec Global","description":"","potentialAction":[{"@type":"SearchAction","target":{"@type":"EntryPoint","urlTemplate":"https:\/\/abbidecglobal.com\/?s={search_term_string}"},"query-input":{"@type":"PropertyValueSpecification","valueRequired":true,"valueName":"search_term_string"}}],"inLanguage":"es"}]}},"_links":{"self":[{"href":"https:\/\/abbidecglobal.com\/es\/wp-json\/wp\/v2\/pages\/548","targetHints":{"allow":["GET"]}}],"collection":[{"href":"https:\/\/abbidecglobal.com\/es\/wp-json\/wp\/v2\/pages"}],"about":[{"href":"https:\/\/abbidecglobal.com\/es\/wp-json\/wp\/v2\/types\/page"}],"author":[{"embeddable":true,"href":"https:\/\/abbidecglobal.com\/es\/wp-json\/wp\/v2\/users\/2"}],"replies":[{"embeddable":true,"href":"https:\/\/abbidecglobal.com\/es\/wp-json\/wp\/v2\/comments?post=548"}],"version-history":[{"count":0,"href":"https:\/\/abbidecglobal.com\/es\/wp-json\/wp\/v2\/pages\/548\/revisions"}],"wp:attachment":[{"href":"https:\/\/abbidecglobal.com\/es\/wp-json\/wp\/v2\/media?parent=548"}],"curies":[{"name":"wp","href":"https:\/\/api.w.org\/{rel}","templated":true}]}}