{"id":448,"date":"2025-05-30T18:12:29","date_gmt":"2025-05-30T18:12:29","guid":{"rendered":"https:\/\/abbidecglobal.com\/?page_id=448"},"modified":"2025-06-16T11:00:17","modified_gmt":"2025-06-16T11:00:17","slug":"services","status":"publish","type":"page","link":"https:\/\/abbidecglobal.com\/es\/services\/","title":{"rendered":"Servicios"},"content":{"rendered":"<div data-elementor-type=\"wp-page\" data-elementor-id=\"448\" class=\"elementor elementor-448\" data-elementor-post-type=\"page\">\n\t\t\t\t<div class=\"elementor-element elementor-element-68f7b22f e-flex e-con-boxed e-con e-parent\" data-id=\"68f7b22f\" data-element_type=\"container\" data-settings=\"{&quot;background_background&quot;:&quot;classic&quot;}\">\n\t\t\t\t\t<div class=\"e-con-inner\">\n\t\t<div class=\"elementor-element elementor-element-2bb13081 e-con-full e-flex e-con e-child\" data-id=\"2bb13081\" data-element_type=\"container\">\n\t\t\t\t<div class=\"elementor-element elementor-element-d626d27 elementor-widget elementor-widget-heading\" data-id=\"d626d27\" data-element_type=\"widget\" data-widget_type=\"heading.default\">\n\t\t\t\t<div class=\"elementor-widget-container\">\n\t\t\t\t\t<h2 class=\"elementor-heading-title elementor-size-default translation-block\">Nuestros servicios<\/h2>\t\t\t\t<\/div>\n\t\t\t\t<\/div>\n\t\t\t\t<\/div>\n\t\t\t\t\t<\/div>\n\t\t\t\t<\/div>\n\t\t<div class=\"elementor-element elementor-element-ba59f24 e-flex e-con-boxed e-con e-parent\" data-id=\"ba59f24\" data-element_type=\"container\">\n\t\t\t\t\t<div class=\"e-con-inner\">\n\t\t\t\t<div class=\"elementor-element elementor-element-b524d01 elementor-widget__width-initial elementor-widget-mobile__width-inherit elementor-widget elementor-widget-text-editor\" data-id=\"b524d01\" data-element_type=\"widget\" data-widget_type=\"text-editor.default\">\n\t\t\t\t<div class=\"elementor-widget-container\">\n\t\t\t\t\t\t\t\t\t<p class=\"translation-block\">En Abbidec Global Logistics S.L., ofrecemos una amplia gama de soluciones de transporte de mercanc\u00edas adaptadas a las necesidades de nuestros clientes internacionales. Con nuestro fuerte enfoque en \u00c1frica y una red global de expertos, ofrecemos servicios log\u00edsticos fiables, rentables y personalizados que van m\u00e1s all\u00e1 del transporte mar\u00edtimo est\u00e1ndar.<\/p>\t\t\t\t\t\t\t\t<\/div>\n\t\t\t\t<\/div>\n\t\t\t\t\t<\/div>\n\t\t\t\t<\/div>\n\t\t<div class=\"elementor-element elementor-element-fcd49c2 elementor-hidden-desktop elementor-hidden-tablet elementor-hidden-mobile e-flex e-con-boxed e-con e-parent\" data-id=\"fcd49c2\" data-element_type=\"container\">\n\t\t\t\t\t<div class=\"e-con-inner\">\n\t\t\t\t<div class=\"elementor-element elementor-element-56a4b54 elementor-tablet-align-justify elementor-align-justify elementor-widget elementor-widget-button\" data-id=\"56a4b54\" data-element_type=\"widget\" data-widget_type=\"button.default\">\n\t\t\t\t<div class=\"elementor-widget-container\">\n\t\t\t\t\t\t\t\t\t<div class=\"elementor-button-wrapper\">\n\t\t\t\t\t<a class=\"elementor-button elementor-button-link elementor-size-sm\" href=\"#Maritime\">\n\t\t\t\t\t\t<span class=\"elementor-button-content-wrapper\">\n\t\t\t\t\t\t\t\t\t<span class=\"elementor-button-text\">Transporte mar\u00edtimo<\/span>\n\t\t\t\t\t<\/span>\n\t\t\t\t\t<\/a>\n\t\t\t\t<\/div>\n\t\t\t\t\t\t\t\t<\/div>\n\t\t\t\t<\/div>\n\t\t\t\t<div class=\"elementor-element elementor-element-05e2172 elementor-tablet-align-justify elementor-align-justify elementor-widget elementor-widget-button\" data-id=\"05e2172\" data-element_type=\"widget\" data-widget_type=\"button.default\">\n\t\t\t\t<div class=\"elementor-widget-container\">\n\t\t\t\t\t\t\t\t\t<div class=\"elementor-button-wrapper\">\n\t\t\t\t\t<a class=\"elementor-button elementor-button-link elementor-size-sm\" href=\"#Road\">\n\t\t\t\t\t\t<span class=\"elementor-button-content-wrapper\">\n\t\t\t\t\t\t\t\t\t<span class=\"elementor-button-text\">Transporte por carretera \/ intermodal<\/span>\n\t\t\t\t\t<\/span>\n\t\t\t\t\t<\/a>\n\t\t\t\t<\/div>\n\t\t\t\t\t\t\t\t<\/div>\n\t\t\t\t<\/div>\n\t\t\t\t<div class=\"elementor-element elementor-element-e3e6b26 elementor-tablet-align-justify elementor-align-justify elementor-widget elementor-widget-button\" data-id=\"e3e6b26\" data-element_type=\"widget\" data-widget_type=\"button.default\">\n\t\t\t\t<div class=\"elementor-widget-container\">\n\t\t\t\t\t\t\t\t\t<div class=\"elementor-button-wrapper\">\n\t\t\t\t\t<a class=\"elementor-button elementor-button-link elementor-size-sm\" href=\"#Road\">\n\t\t\t\t\t\t<span class=\"elementor-button-content-wrapper\">\n\t\t\t\t\t\t\t\t\t<span class=\"elementor-button-text\">Transporte por carretera \/ intermodal<\/span>\n\t\t\t\t\t<\/span>\n\t\t\t\t\t<\/a>\n\t\t\t\t<\/div>\n\t\t\t\t\t\t\t\t<\/div>\n\t\t\t\t<\/div>\n\t\t\t\t<div class=\"elementor-element elementor-element-9916bc2 elementor-tablet-align-justify elementor-align-justify elementor-widget elementor-widget-button\" data-id=\"9916bc2\" data-element_type=\"widget\" data-widget_type=\"button.default\">\n\t\t\t\t<div class=\"elementor-widget-container\">\n\t\t\t\t\t\t\t\t\t<div class=\"elementor-button-wrapper\">\n\t\t\t\t\t<a class=\"elementor-button elementor-button-link elementor-size-sm\" href=\"#Global\">\n\t\t\t\t\t\t<span class=\"elementor-button-content-wrapper\">\n\t\t\t\t\t\t\t\t\t<span class=\"elementor-button-text\">Red mundial, conocimiento local<\/span>\n\t\t\t\t\t<\/span>\n\t\t\t\t\t<\/a>\n\t\t\t\t<\/div>\n\t\t\t\t\t\t\t\t<\/div>\n\t\t\t\t<\/div>\n\t\t\t\t<div class=\"elementor-element elementor-element-5bf3e39 elementor-tablet-align-justify elementor-align-justify elementor-widget elementor-widget-button\" data-id=\"5bf3e39\" data-element_type=\"widget\" data-widget_type=\"button.default\">\n\t\t\t\t<div class=\"elementor-widget-container\">\n\t\t\t\t\t\t\t\t\t<div class=\"elementor-button-wrapper\">\n\t\t\t\t\t<a class=\"elementor-button elementor-button-link elementor-size-sm\" href=\"#Tailored\">\n\t\t\t\t\t\t<span class=\"elementor-button-content-wrapper\">\n\t\t\t\t\t\t\t\t\t<span class=\"elementor-button-text\">Adaptado a sus necesidades<\/span>\n\t\t\t\t\t<\/span>\n\t\t\t\t\t<\/a>\n\t\t\t\t<\/div>\n\t\t\t\t\t\t\t\t<\/div>\n\t\t\t\t<\/div>\n\t\t\t\t<div class=\"elementor-element elementor-element-3fd3c86 elementor-tablet-align-justify elementor-align-justify elementor-widget elementor-widget-button\" data-id=\"3fd3c86\" data-element_type=\"widget\" data-widget_type=\"button.default\">\n\t\t\t\t<div class=\"elementor-widget-container\">\n\t\t\t\t\t\t\t\t\t<div class=\"elementor-button-wrapper\">\n\t\t\t\t\t<a class=\"elementor-button elementor-button-link elementor-size-sm\" href=\"#Information\">\n\t\t\t\t\t\t<span class=\"elementor-button-content-wrapper\">\n\t\t\t\t\t\t\t\t\t<span class=\"elementor-button-text\">Servicios de informaci\u00f3n<\/span>\n\t\t\t\t\t<\/span>\n\t\t\t\t\t<\/a>\n\t\t\t\t<\/div>\n\t\t\t\t\t\t\t\t<\/div>\n\t\t\t\t<\/div>\n\t\t\t\t\t<\/div>\n\t\t\t\t<\/div>\n\t\t<div class=\"elementor-element elementor-element-77a3fcf9 e-flex e-con-boxed e-con e-parent\" data-id=\"77a3fcf9\" data-element_type=\"container\">\n\t\t\t\t\t<div class=\"e-con-inner\">\n\t\t<div class=\"elementor-element elementor-element-729e5dd e-con-full e-flex e-con e-child\" data-id=\"729e5dd\" data-element_type=\"container\">\n\t\t<div class=\"elementor-element elementor-element-80018f0 e-con-full e-flex e-con e-child\" data-id=\"80018f0\" data-element_type=\"container\" id=\"Maritime\">\n\t\t<div class=\"elementor-element elementor-element-7069ce7 e-con-full e-flex e-con e-child\" data-id=\"7069ce7\" data-element_type=\"container\" data-settings=\"{&quot;background_background&quot;:&quot;classic&quot;}\">\n\t\t\t\t<\/div>\n\t\t<div class=\"elementor-element elementor-element-85a3c5f e-con-full e-flex e-con e-child\" data-id=\"85a3c5f\" data-element_type=\"container\" data-settings=\"{&quot;background_background&quot;:&quot;classic&quot;}\">\n\t\t\t\t<div class=\"elementor-element elementor-element-4707ea5 elementor-widget elementor-widget-heading\" data-id=\"4707ea5\" data-element_type=\"widget\" data-widget_type=\"heading.default\">\n\t\t\t\t<div class=\"elementor-widget-container\">\n\t\t\t\t\t<h2 class=\"elementor-heading-title elementor-size-default\">Transporte mar\u00edtimo<\/h2>\t\t\t\t<\/div>\n\t\t\t\t<\/div>\n\t\t\t\t<div class=\"elementor-element elementor-element-f432881 elementor-widget elementor-widget-text-editor\" data-id=\"f432881\" data-element_type=\"widget\" data-widget_type=\"text-editor.default\">\n\t\t\t\t<div class=\"elementor-widget-container\">\n\t\t\t\t\t\t\t\t\t<p><span style=\"font-weight: 400;\">Ofrecemos servicios mar\u00edtimos, un sistema de transporte conocido por su gran capacidad de carga y sus costes reducidos. Al ser el m\u00e9todo m\u00e1s utilizado para el transporte intercontinental de mercanc\u00edas, nos permite ofrecer una soluci\u00f3n fiable y asequible desde cualquier lugar del mundo hasta cualquier puerto africano.<\/span><\/p><p><span style=\"font-weight: 400;\">Nuestro servicio mar\u00edtimo se ve reforzado con el almacenamiento y el transporte integrados, que garantizan que su carga llegue a su destino <\/span><b>de forma segura y puntual<\/b><span style=\"font-weight: 400;\">.<\/span><\/p>\t\t\t\t\t\t\t\t<\/div>\n\t\t\t\t<\/div>\n\t\t\t\t<\/div>\n\t\t\t\t<\/div>\n\t\t<div class=\"elementor-element elementor-element-c09351b e-con-full e-flex e-con e-child\" data-id=\"c09351b\" data-element_type=\"container\" id=\"Road\">\n\t\t<div class=\"elementor-element elementor-element-261f58f e-con-full e-flex e-con e-child\" data-id=\"261f58f\" data-element_type=\"container\" data-settings=\"{&quot;background_background&quot;:&quot;classic&quot;}\">\n\t\t\t\t<\/div>\n\t\t<div class=\"elementor-element elementor-element-bd78a8b e-con-full e-flex e-con e-child\" data-id=\"bd78a8b\" data-element_type=\"container\" data-settings=\"{&quot;background_background&quot;:&quot;classic&quot;}\">\n\t\t\t\t<div class=\"elementor-element elementor-element-15fc2b1 elementor-widget elementor-widget-heading\" data-id=\"15fc2b1\" data-element_type=\"widget\" data-widget_type=\"heading.default\">\n\t\t\t\t<div class=\"elementor-widget-container\">\n\t\t\t\t\t<h2 class=\"elementor-heading-title elementor-size-default\">Transporte por carretera \/ intermodal\n<\/h2>\t\t\t\t<\/div>\n\t\t\t\t<\/div>\n\t\t\t\t<div class=\"elementor-element elementor-element-68d8ad8 elementor-widget elementor-widget-text-editor\" data-id=\"68d8ad8\" data-element_type=\"widget\" data-widget_type=\"text-editor.default\">\n\t\t\t\t<div class=\"elementor-widget-container\">\n\t\t\t\t\t\t\t\t\t<p><span style=\"font-weight: 400;\">Tambi\u00e9n ofrecemos soluciones flexibles por carretera e intermodales para garantizar una entrega sin problemas en redes nacionales y transfronterizas. Nuestro equipo colabora estrechamente con usted para crear un <\/span><b>estrategia log\u00edstica puerta a puerta<\/b><span style=\"font-weight: 400;\"> que responda a sus necesidades espec\u00edficas, conectando a la perfecci\u00f3n los puertos con los destinos del interior.<\/span><\/p>\t\t\t\t\t\t\t\t<\/div>\n\t\t\t\t<\/div>\n\t\t\t\t<\/div>\n\t\t\t\t<\/div>\n\t\t\t\t<\/div>\n\t\t\t\t\t<\/div>\n\t\t\t\t<\/div>\n\t\t<div class=\"elementor-element elementor-element-030db78 e-flex e-con-boxed e-con e-parent\" data-id=\"030db78\" data-element_type=\"container\">\n\t\t\t\t\t<div class=\"e-con-inner\">\n\t\t<div class=\"elementor-element elementor-element-fdefd13 e-con-full e-flex e-con e-child\" data-id=\"fdefd13\" data-element_type=\"container\">\n\t\t<div class=\"elementor-element elementor-element-b470081 e-con-full e-flex e-con e-child\" data-id=\"b470081\" data-element_type=\"container\" id=\"Global\">\n\t\t<div class=\"elementor-element elementor-element-94d3210 e-con-full e-flex e-con e-child\" data-id=\"94d3210\" data-element_type=\"container\" data-settings=\"{&quot;background_background&quot;:&quot;classic&quot;}\">\n\t\t\t\t<\/div>\n\t\t<div class=\"elementor-element elementor-element-10419e6 e-con-full e-flex e-con e-child\" data-id=\"10419e6\" data-element_type=\"container\" data-settings=\"{&quot;background_background&quot;:&quot;classic&quot;}\">\n\t\t\t\t<div class=\"elementor-element elementor-element-2584f74 elementor-widget elementor-widget-heading\" data-id=\"2584f74\" data-element_type=\"widget\" data-widget_type=\"heading.default\">\n\t\t\t\t<div class=\"elementor-widget-container\">\n\t\t\t\t\t<h2 class=\"elementor-heading-title elementor-size-default\">Red mundial, conocimiento local<\/h2>\t\t\t\t<\/div>\n\t\t\t\t<\/div>\n\t\t\t\t<div class=\"elementor-element elementor-element-1727f24 elementor-widget elementor-widget-text-editor\" data-id=\"1727f24\" data-element_type=\"widget\" data-widget_type=\"text-editor.default\">\n\t\t\t\t<div class=\"elementor-widget-container\">\n\t\t\t\t\t\t\t\t\t<p><span lang=\"EN-GB\">Tanto si importa como si exporta, trabajar con nosotros le conecta con una red mundial en toda \u00c1frica, Asia, la UE, Norteam\u00e9rica y Sudam\u00e9rica. Nos comprometemos a ofrecer tarifas y tiempos de tr\u00e1nsito competitivos<\/span><span lang=\"EN-GB\">.<\/span><\/p>\t\t\t\t\t\t\t\t<\/div>\n\t\t\t\t<\/div>\n\t\t\t\t<\/div>\n\t\t\t\t<\/div>\n\t\t<div class=\"elementor-element elementor-element-b933fd1 e-con-full e-flex e-con e-child\" data-id=\"b933fd1\" data-element_type=\"container\" id=\"Tailored\">\n\t\t<div class=\"elementor-element elementor-element-f0191ab e-con-full e-flex e-con e-child\" data-id=\"f0191ab\" data-element_type=\"container\" data-settings=\"{&quot;background_background&quot;:&quot;classic&quot;}\">\n\t\t\t\t<\/div>\n\t\t<div class=\"elementor-element elementor-element-ef5dc34 e-con-full e-flex e-con e-child\" data-id=\"ef5dc34\" data-element_type=\"container\" data-settings=\"{&quot;background_background&quot;:&quot;classic&quot;}\">\n\t\t\t\t<div class=\"elementor-element elementor-element-742076d elementor-widget elementor-widget-heading\" data-id=\"742076d\" data-element_type=\"widget\" data-widget_type=\"heading.default\">\n\t\t\t\t<div class=\"elementor-widget-container\">\n\t\t\t\t\t<h2 class=\"elementor-heading-title elementor-size-default\">Adaptado a sus necesidades<\/h2>\t\t\t\t<\/div>\n\t\t\t\t<\/div>\n\t\t\t\t<div class=\"elementor-element elementor-element-a809586 elementor-widget elementor-widget-text-editor\" data-id=\"a809586\" data-element_type=\"widget\" data-widget_type=\"text-editor.default\">\n\t\t\t\t<div class=\"elementor-widget-container\">\n\t\t\t\t\t\t\t\t\t<p><span style=\"font-weight: 400;\">No creemos en la \u00abtalla \u00fanica\u00bb. En su lugar, escuchamos, analizamos y desarrollamos soluciones personalizadas que evolucionan con su negocio. Nuestro objetivo es ser su socio log\u00edstico a largo plazo ofreci\u00e9ndole <\/span><b>servicios flexibles, productivos y a medida<\/b><span style=\"font-weight: 400;\">.<\/span><\/p><p><b>Sea lo que sea lo que necesite enviar, dondequiera que lo necesite enviar, estamos preparados.<\/b><b><br \/><\/b> <b>Abbidec Global Logistics S.L. - Su enlace global con \u00c1frica.<\/b><\/p>\t\t\t\t\t\t\t\t<\/div>\n\t\t\t\t<\/div>\n\t\t\t\t<\/div>\n\t\t\t\t<\/div>\n\t\t\t\t<\/div>\n\t\t\t\t\t<\/div>\n\t\t\t\t<\/div>\n\t\t<div class=\"elementor-element elementor-element-ed87f49 e-flex e-con-boxed e-con e-parent\" data-id=\"ed87f49\" data-element_type=\"container\" id=\"Information\">\n\t\t\t\t\t<div class=\"e-con-inner\">\n\t\t<div class=\"elementor-element elementor-element-33999e3 e-con-full e-flex e-con e-child\" data-id=\"33999e3\" data-element_type=\"container\">\n\t\t<div class=\"elementor-element elementor-element-bf96905 e-con-full e-flex e-con e-child\" data-id=\"bf96905\" data-element_type=\"container\">\n\t\t<div class=\"elementor-element elementor-element-5d7c9ac e-con-full e-flex e-con e-child\" data-id=\"5d7c9ac\" data-element_type=\"container\" data-settings=\"{&quot;background_background&quot;:&quot;classic&quot;}\">\n\t\t\t\t<\/div>\n\t\t<div class=\"elementor-element elementor-element-fd06be3 e-con-full e-flex e-con e-child\" data-id=\"fd06be3\" data-element_type=\"container\" data-settings=\"{&quot;background_background&quot;:&quot;classic&quot;}\">\n\t\t\t\t<div class=\"elementor-element elementor-element-47ae9fc elementor-widget elementor-widget-heading\" data-id=\"47ae9fc\" data-element_type=\"widget\" data-widget_type=\"heading.default\">\n\t\t\t\t<div class=\"elementor-widget-container\">\n\t\t\t\t\t<h2 class=\"elementor-heading-title elementor-size-default\">Servicios de informaci\u00f3n<\/h2>\t\t\t\t<\/div>\n\t\t\t\t<\/div>\n\t\t\t\t<div class=\"elementor-element elementor-element-d3e8acd elementor-widget elementor-widget-text-editor\" data-id=\"d3e8acd\" data-element_type=\"widget\" data-widget_type=\"text-editor.default\">\n\t\t\t\t<div class=\"elementor-widget-container\">\n\t\t\t\t\t\t\t\t\t<p><span style=\"font-weight: 400;\">Actualizamos nuestros <\/span><b>Informes diarios de env\u00edo<\/b><span style=\"font-weight: 400;\"> de lunes a viernes (excepto festivos), manteni\u00e9ndole informado sobre el \u00faltimo estado de sus env\u00edos. Para m\u00e1s informaci\u00f3n, puede ponerse en contacto con nuestros agentes mar\u00edtimos.<\/span><\/p><p><span style=\"font-weight: 400;\">Lo que nos diferencia es nuestra <\/span><b>experiencia en mercados mundiales y locales<\/b><span style=\"font-weight: 400;\">. Nuestros gestores conocen a fondo el comercio exterior y la din\u00e1mica de la log\u00edstica internacional, lo que les permite ofrecer una orientaci\u00f3n espec\u00edfica para cada mercado basada en:<\/span><\/p><ul><li style=\"font-weight: 400;\" aria-level=\"1\"><span style=\"font-weight: 400;\">Condiciones de los terminales<\/span><span style=\"font-weight: 400;\"><br \/><\/span><\/li><li style=\"font-weight: 400;\" aria-level=\"1\"><span style=\"font-weight: 400;\">Infraestructuras de transporte (local o exterior)<\/span><span style=\"font-weight: 400;\"><br \/><\/span><\/li><li style=\"font-weight: 400;\" aria-level=\"1\"><span style=\"font-weight: 400;\">Retrasos y congesti\u00f3n en el atraque<\/span><span style=\"font-weight: 400;\"><br \/><\/span><\/li><li style=\"font-weight: 400;\" aria-level=\"1\"><span style=\"font-weight: 400;\">Evoluci\u00f3n normativa o pol\u00edtica<\/span><span style=\"font-weight: 400;\"><br \/><\/span><\/li><li style=\"font-weight: 400;\" aria-level=\"1\"><span style=\"font-weight: 400;\">Procedimientos aduaneros pertinentes<\/span><\/li><\/ul>\t\t\t\t\t\t\t\t<\/div>\n\t\t\t\t<\/div>\n\t\t\t\t<\/div>\n\t\t\t\t<\/div>\n\t\t\t\t<\/div>\n\t\t\t\t\t<\/div>\n\t\t\t\t<\/div>\n\t\t\t\t<\/div>","protected":false},"excerpt":{"rendered":"<p>Our Services At Abbidec Global Logistics S.L., we provide a comprehensive range of freight forwarding solutions tailored to the needs of our international clients. With our strong focus on Africa and a global network of experts, we offer reliable, cost-effective, and customized logistics services that go beyond standard shipping. Maritime Transport Road \/ Intermodal Transport [&hellip;]<\/p>","protected":false},"author":2,"featured_media":0,"parent":0,"menu_order":0,"comment_status":"closed","ping_status":"closed","template":"elementor_header_footer","meta":{"footnotes":""},"class_list":["post-448","page","type-page","status-publish","hentry"],"yoast_head":"<!-- This site is optimized with the Yoast SEO plugin v25.0 - https:\/\/yoast.com\/wordpress\/plugins\/seo\/ -->\n<title>Services - Abbidec Global<\/title>\n<meta name=\"robots\" content=\"index, follow, max-snippet:-1, max-image-preview:large, max-video-preview:-1\" \/>\n<link rel=\"canonical\" href=\"https:\/\/abbidecglobal.com\/es\/services\/\" \/>\n<meta property=\"og:locale\" content=\"es_ES\" \/>\n<meta property=\"og:type\" content=\"article\" \/>\n<meta property=\"og:title\" content=\"Services - Abbidec Global\" \/>\n<meta property=\"og:description\" content=\"Our Services At Abbidec Global Logistics S.L., we provide a comprehensive range of freight forwarding solutions tailored to the needs of our international clients. With our strong focus on Africa and a global network of experts, we offer reliable, cost-effective, and customized logistics services that go beyond standard shipping. Maritime Transport Road \/ Intermodal Transport [&hellip;]\" \/>\n<meta property=\"og:url\" content=\"https:\/\/abbidecglobal.com\/es\/services\/\" \/>\n<meta property=\"og:site_name\" content=\"Abbidec Global\" \/>\n<meta property=\"article:modified_time\" content=\"2025-06-16T11:00:17+00:00\" \/>\n<meta name=\"twitter:card\" content=\"summary_large_image\" \/>\n<meta name=\"twitter:label1\" content=\"Tiempo de lectura\" \/>\n\t<meta name=\"twitter:data1\" content=\"2 minutos\" \/>\n<script type=\"application\/ld+json\" class=\"yoast-schema-graph\">{\"@context\":\"https:\/\/schema.org\",\"@graph\":[{\"@type\":\"WebPage\",\"@id\":\"https:\/\/abbidecglobal.com\/services\/\",\"url\":\"https:\/\/abbidecglobal.com\/services\/\",\"name\":\"Services - Abbidec Global\",\"isPartOf\":{\"@id\":\"https:\/\/abbidecglobal.com\/#website\"},\"datePublished\":\"2025-05-30T18:12:29+00:00\",\"dateModified\":\"2025-06-16T11:00:17+00:00\",\"breadcrumb\":{\"@id\":\"https:\/\/abbidecglobal.com\/services\/#breadcrumb\"},\"inLanguage\":\"es\",\"potentialAction\":[{\"@type\":\"ReadAction\",\"target\":[\"https:\/\/abbidecglobal.com\/services\/\"]}]},{\"@type\":\"BreadcrumbList\",\"@id\":\"https:\/\/abbidecglobal.com\/services\/#breadcrumb\",\"itemListElement\":[{\"@type\":\"ListItem\",\"position\":1,\"name\":\"Home\",\"item\":\"https:\/\/abbidecglobal.com\/\"},{\"@type\":\"ListItem\",\"position\":2,\"name\":\"Services\"}]},{\"@type\":\"WebSite\",\"@id\":\"https:\/\/abbidecglobal.com\/#website\",\"url\":\"https:\/\/abbidecglobal.com\/\",\"name\":\"Abbidec Global\",\"description\":\"\",\"potentialAction\":[{\"@type\":\"SearchAction\",\"target\":{\"@type\":\"EntryPoint\",\"urlTemplate\":\"https:\/\/abbidecglobal.com\/?s={search_term_string}\"},\"query-input\":{\"@type\":\"PropertyValueSpecification\",\"valueRequired\":true,\"valueName\":\"search_term_string\"}}],\"inLanguage\":\"es\"}]}<\/script>\n<!-- \/ Yoast SEO plugin. -->","yoast_head_json":{"title":"Services - Abbidec Global","robots":{"index":"index","follow":"follow","max-snippet":"max-snippet:-1","max-image-preview":"max-image-preview:large","max-video-preview":"max-video-preview:-1"},"canonical":"https:\/\/abbidecglobal.com\/es\/services\/","og_locale":"es_ES","og_type":"article","og_title":"Services - Abbidec Global","og_description":"Our Services At Abbidec Global Logistics S.L., we provide a comprehensive range of freight forwarding solutions tailored to the needs of our international clients. With our strong focus on Africa and a global network of experts, we offer reliable, cost-effective, and customized logistics services that go beyond standard shipping. Maritime Transport Road \/ Intermodal Transport [&hellip;]","og_url":"https:\/\/abbidecglobal.com\/es\/services\/","og_site_name":"Abbidec Global","article_modified_time":"2025-06-16T11:00:17+00:00","twitter_card":"summary_large_image","twitter_misc":{"Tiempo de lectura":"2 minutos"},"schema":{"@context":"https:\/\/schema.org","@graph":[{"@type":"WebPage","@id":"https:\/\/abbidecglobal.com\/services\/","url":"https:\/\/abbidecglobal.com\/services\/","name":"Services - Abbidec Global","isPartOf":{"@id":"https:\/\/abbidecglobal.com\/#website"},"datePublished":"2025-05-30T18:12:29+00:00","dateModified":"2025-06-16T11:00:17+00:00","breadcrumb":{"@id":"https:\/\/abbidecglobal.com\/services\/#breadcrumb"},"inLanguage":"es","potentialAction":[{"@type":"ReadAction","target":["https:\/\/abbidecglobal.com\/services\/"]}]},{"@type":"BreadcrumbList","@id":"https:\/\/abbidecglobal.com\/services\/#breadcrumb","itemListElement":[{"@type":"ListItem","position":1,"name":"Home","item":"https:\/\/abbidecglobal.com\/"},{"@type":"ListItem","position":2,"name":"Services"}]},{"@type":"WebSite","@id":"https:\/\/abbidecglobal.com\/#website","url":"https:\/\/abbidecglobal.com\/","name":"Abbidec Global","description":"","potentialAction":[{"@type":"SearchAction","target":{"@type":"EntryPoint","urlTemplate":"https:\/\/abbidecglobal.com\/?s={search_term_string}"},"query-input":{"@type":"PropertyValueSpecification","valueRequired":true,"valueName":"search_term_string"}}],"inLanguage":"es"}]}},"_links":{"self":[{"href":"https:\/\/abbidecglobal.com\/es\/wp-json\/wp\/v2\/pages\/448","targetHints":{"allow":["GET"]}}],"collection":[{"href":"https:\/\/abbidecglobal.com\/es\/wp-json\/wp\/v2\/pages"}],"about":[{"href":"https:\/\/abbidecglobal.com\/es\/wp-json\/wp\/v2\/types\/page"}],"author":[{"embeddable":true,"href":"https:\/\/abbidecglobal.com\/es\/wp-json\/wp\/v2\/users\/2"}],"replies":[{"embeddable":true,"href":"https:\/\/abbidecglobal.com\/es\/wp-json\/wp\/v2\/comments?post=448"}],"version-history":[{"count":0,"href":"https:\/\/abbidecglobal.com\/es\/wp-json\/wp\/v2\/pages\/448\/revisions"}],"wp:attachment":[{"href":"https:\/\/abbidecglobal.com\/es\/wp-json\/wp\/v2\/media?parent=448"}],"curies":[{"name":"wp","href":"https:\/\/api.w.org\/{rel}","templated":true}]}}